{"id":67163,"date":"2025-09-05T14:47:28","date_gmt":"2025-09-05T12:47:28","guid":{"rendered":"https:\/\/www.arredobagnoitalia.com\/piatto-doccia-70x90-80x80-90x90-cm-semicircolare-in-mineralmarmo-disponibile-in-4-colori-effetto-pietra-riducibile-ta036.html"},"modified":"2026-04-07T15:11:23","modified_gmt":"2026-04-07T13:11:23","slug":"piatto-doccia-70x90-80x80-90x90-cm-semicircolare-in-mineralmarmo-disponibile-in-4-colori-effetto-pietra-riducibile-ta036","status":"publish","type":"product","link":"https:\/\/www.arredobagnoitalia.com\/en\/piatto-doccia-70x90-80x80-90x90-cm-semicircolare-in-mineralmarmo-disponibile-in-4-colori-effetto-pietra-riducibile-ta036.html","title":{"rendered":"Shower tray 70\u00d790 80\u00d780 90\u00d790 cm semicircular in mineral marble in 4 stone effect colours, reducible TA036"},"content":{"rendered":"<p><strong><span dir=\"auto\">TA036 semicircular marble resin shower tray<\/span><\/strong><\/p>\n<p>&nbsp;<\/p>\n<p><span dir=\"auto\">The shower tray is available in the following sizes:<\/span><\/p>\n<ul>\n<li><span dir=\"auto\">80\u00d780 cm<\/span><\/li>\n<li><span dir=\"auto\">90\u00d790 cm<\/span><\/li>\n<li><span dir=\"auto\">70\u00d790 cm (right or left version)<\/span><\/li>\n<\/ul>\n<p><span dir=\"auto\">Available colors:<\/span><\/p>\n<ul>\n<li><span dir=\"auto\">white<\/span><\/li>\n<li><span dir=\"auto\">sand<\/span><\/li>\n<li><span dir=\"auto\">grey<\/span><\/li>\n<li><span dir=\"auto\">black<\/span><\/li>\n<\/ul>\n<p><strong><span dir=\"auto\">You can select the size and color in the drop-down menu<\/span><\/strong><\/p>\n<p>&nbsp;<\/p>\n<p><strong><span dir=\"auto\">Product specifications<\/span><\/strong><\/p>\n<p><span dir=\"auto\">Reducible semicircular shower tray<\/span><\/p>\n<p><span dir=\"auto\">Height 3 cm<\/span><\/p>\n<p><span dir=\"auto\">Curvature radius:<\/span><\/p>\n<ul>\n<li><span dir=\"auto\">38 for the 70x90cm plate<\/span><\/li>\n<li><span dir=\"auto\">55 for the 80x80cm and 90x90cm plates<\/span><\/li>\n<\/ul>\n<p><span dir=\"auto\">Mineralmarble<\/span><\/p>\n<p><span dir=\"auto\">Non-slip stone effect<\/span><\/p>\n<p><span dir=\"auto\">Floor-level or free-standing installation<\/span><\/p>\n<p><span dir=\"auto\">The drain cover grill is included<\/span><\/p>\n<p><span dir=\"auto\">Centrally positioned \u00d8 90 mm exhaust<\/span><\/p>\n<p><strong><span dir=\"auto\">The drain plug is NOT included<\/span><\/strong><\/p>\n","protected":false},"excerpt":{"rendered":"<div class=\"woocommerce-product-details__short-description\">\n<p><span dir=\"auto\">Semicircular shower tray available in three sizes and reducible. The shower tray is made of mineral marble with a stone-effect surface. Available colors are black, white, sand, and gray.<\/span><\/p>\n<\/div>\n","protected":false},"featured_media":57543,"comment_status":"closed","ping_status":"closed","template":"","meta":{"_acf_changed":false},"product_brand":[169],"product_cat":[3698],"product_tag":[],"class_list":{"0":"post-67163","1":"product","2":"type-product","3":"status-publish","4":"has-post-thumbnail","6":"product_brand-deghi","7":"product_cat-shower-tray","9":"first","10":"instock","11":"sale","12":"taxable","13":"shipping-taxable","14":"purchasable","15":"product-type-simple"},"exclude_global_add_ons":false,"addons":[{"name":"Type","type":"multiple_choice","position":0,"required":true,"title_format":"heading","default":"","description_enable":false,"description":"","placeholder_enable":false,"placeholder":"","display":"select","restrictions_type":"any_text","adjust_price":false,"price":"","price_type":"flat_fee","restrictions":false,"min":"0","max":"0","options":[{"label":"70x90 cm LEFT white","price":"","price_type":"quantity_based","image":0,"visibility":true},{"label":"70x90 cm LEFT black","price":"","price_type":"quantity_based","image":0,"visibility":true},{"label":"70x90 cm LEFT grey","price":"","price_type":"quantity_based","image":0,"visibility":true},{"label":"70x90 cm LEFT sand","price":"","price_type":"quantity_based","image":0,"visibility":true},{"label":"70x90 cm RIGHT white","price":"","price_type":"quantity_based","image":0,"visibility":true},{"label":"70x90 cm RIGHT black","price":"","price_type":"quantity_based","image":0,"visibility":true},{"label":"70x90 cm RIGHT grey","price":"","price_type":"quantity_based","image":0,"visibility":true},{"label":"70x90 cm RIGHT sand","price":"","price_type":"quantity_based","image":0,"visibility":true},{"label":"80x80 cm white","price":"9","price_type":"quantity_based","image":0,"visibility":true},{"label":"80x80 cm black","price":"9","price_type":"quantity_based","image":0,"visibility":true},{"label":"80x80 cm grey","price":"9","price_type":"quantity_based","image":0,"visibility":true},{"label":"80x80 cm sand","price":"9","price_type":"quantity_based","image":0,"visibility":true},{"label":"90x90 cm white","price":"49","price_type":"quantity_based","image":0,"visibility":true},{"label":"90x90 cm black","price":"49","price_type":"quantity_based","image":0,"visibility":true},{"label":"90x90 cm grey","price":"49","price_type":"quantity_based","image":0,"visibility":true},{"label":"90x90 cm sand","price":"49","price_type":"quantity_based","image":0,"visibility":true}],"id":1757083649}],"acf":[],"_links":{"self":[{"href":"https:\/\/www.arredobagnoitalia.com\/en\/wp-json\/wp\/v2\/product\/67163","targetHints":{"allow":["GET"]}}],"collection":[{"href":"https:\/\/www.arredobagnoitalia.com\/en\/wp-json\/wp\/v2\/product"}],"about":[{"href":"https:\/\/www.arredobagnoitalia.com\/en\/wp-json\/wp\/v2\/types\/product"}],"replies":[{"embeddable":true,"href":"https:\/\/www.arredobagnoitalia.com\/en\/wp-json\/wp\/v2\/comments?post=67163"}],"version-history":[{"count":7,"href":"https:\/\/www.arredobagnoitalia.com\/en\/wp-json\/wp\/v2\/product\/67163\/revisions"}],"predecessor-version":[{"id":67511,"href":"https:\/\/www.arredobagnoitalia.com\/en\/wp-json\/wp\/v2\/product\/67163\/revisions\/67511"}],"wp:featuredmedia":[{"embeddable":true,"href":"https:\/\/www.arredobagnoitalia.com\/en\/wp-json\/wp\/v2\/media\/57543"}],"wp:attachment":[{"href":"https:\/\/www.arredobagnoitalia.com\/en\/wp-json\/wp\/v2\/media?parent=67163"}],"wp:term":[{"taxonomy":"product_brand","embeddable":true,"href":"https:\/\/www.arredobagnoitalia.com\/en\/wp-json\/wp\/v2\/product_brand?post=67163"},{"taxonomy":"product_cat","embeddable":true,"href":"https:\/\/www.arredobagnoitalia.com\/en\/wp-json\/wp\/v2\/product_cat?post=67163"},{"taxonomy":"product_tag","embeddable":true,"href":"https:\/\/www.arredobagnoitalia.com\/en\/wp-json\/wp\/v2\/product_tag?post=67163"}],"curies":[{"name":"wp","href":"https:\/\/api.w.org\/{rel}","templated":true}]}}