{"id":39355,"date":"2020-09-18T15:32:40","date_gmt":"2020-09-18T13:32:40","guid":{"rendered":"https:\/\/www.arredobagnoitalia.com\/glasstone-shower-tray-in-multiple-sizes-and-adaptable-stone-effect-rectangular-shape-ta021.html"},"modified":"2025-12-04T15:55:24","modified_gmt":"2025-12-04T14:55:24","slug":"dish-shower-glasstone-in-more-dimensions-and-adaptable-effect-stone-shape-rectangular-ta021","status":"publish","type":"product","link":"https:\/\/www.arredobagnoitalia.com\/en\/dish-shower-glasstone-in-more-dimensions-and-adaptable-effect-stone-shape-rectangular-ta021.html","title":{"rendered":"Glasstone rectangular shower tray in multiple sizes and stone effect color TA021"},"content":{"rendered":"<div class=\"woocommerce-tabs wc-tabs-wrapper tabs-layout-tabs\" data-state=\"first\" data-layout=\"tabs\">\n<div class=\"wd-accordion-item\">\n<div id=\"tab-description\" class=\"entry-content woocommerce-Tabs-panel woocommerce-Tabs-panel--description wd-active panel wc-tab\" role=\"tabpanel\" aria-labelledby=\"tab-title-description\" data-accordion-index=\"description\">\n<div class=\"wc-tab-inner\">\n<p><strong><span dir=\"auto\">Glasstone<\/span><span dir=\"auto\">\u00a0rectangular shower tray TA021\u00a0<\/span><\/strong><\/p>\n<p><span dir=\"auto\">70\u00d790, 70\u00d7100, 70\u00d7120, 70\u00d7140, 70\u00d7150, 70\u00d7160,<\/span><\/p>\n<p><span dir=\"auto\">70\u00d7170,80\u00d7100, 80\u00d7120, 80\u00d7140, 80\u00d7150,80\u00d7160,<\/span><\/p>\n<p><span dir=\"auto\">80\u00d7170, 80\u00d7180, 90\u00d7120, 90\u00d7140, 90\u00d7160, 90\u00d7180<\/span><\/p>\n<p>&nbsp;<\/p>\n<p><strong><span dir=\"auto\">DETAILS<\/span><span dir=\"auto\">\u00a0:<\/span><\/strong><\/p>\n<p><span dir=\"auto\">-It can be cut with a diamond disc to adapt it to any size<\/span><\/p>\n<p><strong><span dir=\"auto\">-It has a non-slip and scratch-resistant<\/span><\/strong>\u00a0<span dir=\"auto\">surface\u00a0<\/span><span dir=\"auto\">thanks to the stone-effect flooring<\/span><\/p>\n<p><span dir=\"auto\">-It has all 4 sides finished<\/span><\/p>\n<p><span dir=\"auto\">-Shower tray with steel drain cover grille<\/span><\/p>\n<p>&nbsp;<\/p>\n<p><strong><span dir=\"auto\">SPECIFICATIONS:<\/span><\/strong><\/p>\n<p><span dir=\"auto\">-It is very thin (2.6cm, ultraslim)<\/span><\/p>\n<p><span dir=\"auto\">-It is very simple and quick to clean<\/span><\/p>\n<p><span dir=\"auto\">\u2013 It can also be installed flush with the floor<\/span><\/p>\n<p><span dir=\"auto\">\u2013\u00a0<\/span><span dir=\"auto\">Hole\u00a0<\/span><span dir=\"auto\">\u00d890 mm<\/span><\/p>\n<p>&nbsp;<\/p>\n<p><strong><span dir=\"auto\">available in the colors: white, gray and black.<\/span><\/strong><\/p>\n<p>&nbsp;<\/p>\n<p><span dir=\"auto\">INCLUDED:\u00a0<\/span><span dir=\"auto\">Drain cover grille<\/span><\/p>\n<p><span dir=\"auto\">NOT INCLUDED:\u00a0<\/span><span dir=\"auto\">drain plug and siphon<\/span><\/p>\n<\/div>\n<\/div>\n<\/div>\n<\/div>\n<div class=\"wd-single-reviews wd-layout-one-column\">\n<div id=\"reviews\" class=\"woocommerce-Reviews\" data-product-id=\"1435\">\n<div class=\"wd-rating-summary-wrap\">\n<div class=\"wd-rating-summary wd-sticky\">\n<div class=\"wd-rating-summary-heading\"><\/div>\n<\/div>\n<\/div>\n<\/div>\n<\/div>\n","protected":false},"excerpt":{"rendered":"<p><span dir=\"auto\">Glasstone ultraslim shower tray in various sizes in the colours white, black and grey. <\/span><span dir=\"auto\">It can be adapted to any size by cutting with a diamond disc.<\/span><\/p>\n","protected":false},"featured_media":34880,"comment_status":"open","ping_status":"closed","template":"","meta":{"_acf_changed":false},"product_brand":[169],"product_cat":[3698],"product_tag":[],"class_list":{"0":"post-39355","1":"product","2":"type-product","3":"status-publish","4":"has-post-thumbnail","6":"product_brand-deghi","7":"product_cat-shower-tray","9":"first","10":"instock","11":"sale","12":"taxable","13":"shipping-taxable","14":"purchasable","15":"product-type-simple"},"exclude_global_add_ons":false,"addons":[{"name":"Color","type":"multiple_choice","position":0,"required":true,"title_format":"heading","default":"","description_enable":false,"description":"","placeholder_enable":false,"placeholder":"","display":"select","restrictions_type":"any_text","adjust_price":false,"price":"","price_type":"flat_fee","restrictions":false,"min":"0","max":"0","options":[{"label":"White","price":"","price_type":"quantity_based","image":0,"visibility":true},{"label":"gray","price":"","price_type":"quantity_based","image":0,"visibility":true},{"label":"black","price":"","price_type":"quantity_based","image":0,"visibility":true}],"id":1764863725},{"name":"Dimensions","type":"multiple_choice","position":1,"required":true,"title_format":"heading","default":"","description_enable":false,"description":"","placeholder_enable":false,"placeholder":"","display":"select","restrictions_type":"any_text","adjust_price":false,"price":"","price_type":"flat_fee","restrictions":false,"min":"0","max":"0","options":[{"label":"70x90","price":"","price_type":"quantity_based","image":0,"visibility":true},{"label":"70x100","price":"9.84","price_type":"quantity_based","image":0,"visibility":true},{"label":"70x120","price":"29.51","price_type":"quantity_based","image":0,"visibility":true},{"label":"70x140","price":"68.85","price_type":"quantity_based","image":0,"visibility":true},{"label":"70x150","price":"118.03","price_type":"quantity_based","image":0,"visibility":true},{"label":"70x160","price":"137.7","price_type":"quantity_based","image":0,"visibility":true},{"label":"70x170","price":"167.21","price_type":"quantity_based","image":0,"visibility":true},{"label":"80x100","price":"19.67","price_type":"quantity_based","image":0,"visibility":true},{"label":"80x120","price":"49.18","price_type":"quantity_based","image":0,"visibility":true},{"label":"80x140","price":"88.52","price_type":"quantity_based","image":0,"visibility":true},{"label":"80x150","price":"127.87","price_type":"quantity_based","image":0,"visibility":true},{"label":"80x160","price":"202.62","price_type":"quantity_based","image":0,"visibility":true},{"label":"80x170","price":"206.56","price_type":"quantity_based","image":0,"visibility":true},{"label":"(Available in grey and white only) 80x180","price":"216.39","price_type":"quantity_based","image":0,"visibility":true},{"label":"90x120","price":"59.02","price_type":"quantity_based","image":0,"visibility":true},{"label":"90x140","price":"127.87","price_type":"quantity_based","image":0,"visibility":true},{"label":"90x160","price":"206.56","price_type":"quantity_based","image":0,"visibility":true},{"label":"90x180","price":"255.74","price_type":"quantity_based","image":0,"visibility":true}],"id":1764863726},{"name":"drain","type":"multiple_choice","position":2,"required":true,"title_format":"label","default":"","description_enable":false,"description":"","placeholder_enable":false,"placeholder":"","display":"select","restrictions_type":"any_text","adjust_price":false,"price":"","price_type":"flat_fee","restrictions":false,"min":"0","max":"0","options":[{"label":"no","price":"","price_type":"flat_fee","image":0,"visibility":true},{"label":"with drain","price":"35.38","price_type":"flat_fee","image":0,"visibility":true}],"id":1764863727}],"acf":[],"_links":{"self":[{"href":"https:\/\/www.arredobagnoitalia.com\/en\/wp-json\/wp\/v2\/product\/39355","targetHints":{"allow":["GET"]}}],"collection":[{"href":"https:\/\/www.arredobagnoitalia.com\/en\/wp-json\/wp\/v2\/product"}],"about":[{"href":"https:\/\/www.arredobagnoitalia.com\/en\/wp-json\/wp\/v2\/types\/product"}],"replies":[{"embeddable":true,"href":"https:\/\/www.arredobagnoitalia.com\/en\/wp-json\/wp\/v2\/comments?post=39355"}],"version-history":[{"count":2,"href":"https:\/\/www.arredobagnoitalia.com\/en\/wp-json\/wp\/v2\/product\/39355\/revisions"}],"predecessor-version":[{"id":62203,"href":"https:\/\/www.arredobagnoitalia.com\/en\/wp-json\/wp\/v2\/product\/39355\/revisions\/62203"}],"wp:featuredmedia":[{"embeddable":true,"href":"https:\/\/www.arredobagnoitalia.com\/en\/wp-json\/wp\/v2\/media\/34880"}],"wp:attachment":[{"href":"https:\/\/www.arredobagnoitalia.com\/en\/wp-json\/wp\/v2\/media?parent=39355"}],"wp:term":[{"taxonomy":"product_brand","embeddable":true,"href":"https:\/\/www.arredobagnoitalia.com\/en\/wp-json\/wp\/v2\/product_brand?post=39355"},{"taxonomy":"product_cat","embeddable":true,"href":"https:\/\/www.arredobagnoitalia.com\/en\/wp-json\/wp\/v2\/product_cat?post=39355"},{"taxonomy":"product_tag","embeddable":true,"href":"https:\/\/www.arredobagnoitalia.com\/en\/wp-json\/wp\/v2\/product_tag?post=39355"}],"curies":[{"name":"wp","href":"https:\/\/api.w.org\/{rel}","templated":true}]}}