{"id":39230,"date":"2022-01-26T13:34:11","date_gmt":"2022-01-26T12:34:11","guid":{"rendered":"https:\/\/www.arredobagnoitalia.com\/electric-radiator-with-linear-thermostat-in-4-sizes-anthracite-color-tea005.html"},"modified":"2025-12-04T16:18:37","modified_gmt":"2025-12-04T15:18:37","slug":"radiator-electric-with-thermostat-linear-in-4-measures-color-anthracite","status":"publish","type":"product","link":"https:\/\/www.arredobagnoitalia.com\/en\/radiator-electric-with-thermostat-linear-in-4-measures-color-anthracite.html","title":{"rendered":"Electric linear radiator with thermostat, in 4 sizes, anthracite color TEA005"},"content":{"rendered":"<p><strong><span dir=\"auto\">ELECTRIC RADIATOR WITH THERMOSTAT<\/span><br \/>\n<\/strong><\/p>\n<p><span dir=\"auto\">Electric radiator available in 4 sizes:<\/span><\/p>\n<p><span dir=\"auto\">80\u00d740 cm 300W with 13 tubes<\/span><br \/>\n<span dir=\"auto\">100\u00d748 cm 500W with 18 tubes<\/span><br \/>\n<span dir=\"auto\">145\u00d748 cm 750W with 27 tubes<\/span><br \/>\n<span dir=\"auto\">178\u00d755 cm 1000W with 33 tubes<\/span><\/p>\n<p><span dir=\"auto\">thermostat approximately 8 cm (included in the dimensions above)<\/span><\/p>\n<p><span dir=\"auto\">Linear tubes \u00d8 22mm<\/span><\/p>\n<p><span dir=\"auto\">including electric cable with Schuko socket (on the right)<\/span><\/p>\n<p><span dir=\"auto\">available color: anthracite<\/span><\/p>\n<p><span dir=\"auto\">material: steel<\/span><\/p>\n<p>&nbsp;<\/p>\n<p><span dir=\"auto\">Through the DIGITAL THERMOSTAT it is possible to set the following functions:<\/span><\/p>\n<p><span dir=\"auto\">* maintain a constant temperature throughout the day<\/span><\/p>\n<p><span dir=\"auto\">* set a temperature for each hour of the day<\/span><\/p>\n<p><span dir=\"auto\">* switch-off (for a maximum of 30 minutes) if open windows are detected<\/span><\/p>\n<p><span dir=\"auto\">* set a lower temperature at night<\/span><\/p>\n<p><span dir=\"auto\">* always keep the temperature above 7\u00b0C<\/span><\/p>\n<p><span dir=\"auto\">* activate maximum power for 2 hours (regardless of the set temperature)<\/span><\/p>\n<p>&nbsp;<\/p>\n","protected":false},"excerpt":{"rendered":"<div class=\"woocommerce-product-details__short-description\">\n<p><span dir=\"auto\">Linear radiator in anthracite painted steel, dimensions: 80\u00d740 100\u00d748 145\u00d748 178\u00d755 cm.<\/span><\/p>\n<\/div>\n","protected":false},"featured_media":35929,"comment_status":"open","ping_status":"closed","template":"","meta":{"_acf_changed":false},"product_brand":[169],"product_cat":[3701],"product_tag":[],"class_list":{"0":"post-39230","1":"product","2":"type-product","3":"status-publish","4":"has-post-thumbnail","6":"product_brand-deghi","7":"product_cat-thermo-furniture","9":"first","10":"instock","11":"sale","12":"taxable","13":"shipping-taxable","14":"purchasable","15":"product-type-simple"},"exclude_global_add_ons":false,"addons":[{"name":"Dimensions","type":"multiple_choice","position":0,"required":true,"title_format":"heading","default":"","description_enable":false,"description":"","placeholder_enable":false,"placeholder":"","display":"select","restrictions_type":"any_text","adjust_price":false,"price":"","price_type":"flat_fee","restrictions":false,"min":"0","max":"0","options":[{"label":"80x40 cm","price":"","price_type":"quantity_based","image":0,"visibility":true},{"label":"(Not available) 100x48 cm","price":"10","price_type":"quantity_based","image":0,"visibility":true},{"label":"145x48 cm","price":"40","price_type":"quantity_based","image":0,"visibility":true},{"label":"178x55 cm","price":"50","price_type":"quantity_based","image":0,"visibility":true}],"id":1764865118}],"acf":[],"_links":{"self":[{"href":"https:\/\/www.arredobagnoitalia.com\/en\/wp-json\/wp\/v2\/product\/39230","targetHints":{"allow":["GET"]}}],"collection":[{"href":"https:\/\/www.arredobagnoitalia.com\/en\/wp-json\/wp\/v2\/product"}],"about":[{"href":"https:\/\/www.arredobagnoitalia.com\/en\/wp-json\/wp\/v2\/types\/product"}],"replies":[{"embeddable":true,"href":"https:\/\/www.arredobagnoitalia.com\/en\/wp-json\/wp\/v2\/comments?post=39230"}],"version-history":[{"count":2,"href":"https:\/\/www.arredobagnoitalia.com\/en\/wp-json\/wp\/v2\/product\/39230\/revisions"}],"predecessor-version":[{"id":62231,"href":"https:\/\/www.arredobagnoitalia.com\/en\/wp-json\/wp\/v2\/product\/39230\/revisions\/62231"}],"wp:featuredmedia":[{"embeddable":true,"href":"https:\/\/www.arredobagnoitalia.com\/en\/wp-json\/wp\/v2\/media\/35929"}],"wp:attachment":[{"href":"https:\/\/www.arredobagnoitalia.com\/en\/wp-json\/wp\/v2\/media?parent=39230"}],"wp:term":[{"taxonomy":"product_brand","embeddable":true,"href":"https:\/\/www.arredobagnoitalia.com\/en\/wp-json\/wp\/v2\/product_brand?post=39230"},{"taxonomy":"product_cat","embeddable":true,"href":"https:\/\/www.arredobagnoitalia.com\/en\/wp-json\/wp\/v2\/product_cat?post=39230"},{"taxonomy":"product_tag","embeddable":true,"href":"https:\/\/www.arredobagnoitalia.com\/en\/wp-json\/wp\/v2\/product_tag?post=39230"}],"curies":[{"name":"wp","href":"https:\/\/api.w.org\/{rel}","templated":true}]}}